{"id":126,"date":"2020-03-26T11:12:03","date_gmt":"2020-03-26T10:12:03","guid":{"rendered":"https:\/\/aldeawandie.org\/index.php\/una-aldea-llamada-wandie\/"},"modified":"2020-03-26T11:12:03","modified_gmt":"2020-03-26T10:12:03","slug":"una-aldea-llamada-wandie","status":"publish","type":"page","link":"https:\/\/aldeawandie.org\/index.php\/una-aldea-llamada-wandie\/","title":{"rendered":"Una aldea llamada Wandi\u00e9"},"content":{"rendered":"\n<div class=\\\"wp-block-cover alignfull is-light\\\" style=\\\"min-height:360px\\\"><span aria-hidden=\\\"true\\\" class=\\\"wp-block-cover__background has-background-dim-30 has-background-dim\\\"><\/span><img class=\\\"wp-block-cover__image-background wp-image-36\\\" alt=\\\"\\\" src=\\\"https:\/\/unaaldeallamadawandie.files.wordpress.com\/2020\/03\/0001.jpg\\\" data-object-fit=\\\"cover\\\" \/><div class=\"\\&quot;wp-block-cover__inner-container\\&quot; is-layout-flow wp-block-cover-is-layout-flow\">\n<p class=\\\"has-text-align-center has-background-light-color has-text-color\\\" style=\\\"font-size:22px\\\">Somos una asociaci\u00f3n sin \u00e1nimo de lucro que busca fomentar la cooperaci\u00f3n al<br>desarrollo, la solidaridad internacional y los derechos y deberes del ni\u00f1o.<\/p>\n\n\n\n<div class=\\\"wp-block-button aligncenter\\\"><a class=\\\"wp-block-button__link has-foreground-dark-color has-background-background-color has-text-color has-background wp-element-button\\\" href=\\\"https:\/\/unaaldeallamadawandie.wordpress.com\/2020\/03\/20\/proyecto-solidario\/\\\" target=\\\"_blank\\\" rel=\\\"noreferrer noopener\\\">Con\u00f3cenos<\/a><\/div>\n<\/div><\/div>\n\n\n\n<div class=\"\\&quot;wp-block-group is-layout-flow wp-block-group-is-layout-flow\" alignfull has-background-background-color has-background\\\">\n<div class=\"\\&quot;wp-block-columns is-layout-flex wp-container-core-columns-is-layout-28f84493 wp-block-columns-is-layout-flex\" alignwide are-vertically-aligned-center\\\">\n<div class=\"\\&quot;wp-block-column is-layout-flow wp-block-column-is-layout-flow\" is-vertically-aligned-center\\\" style=\\\"flex-basis:67%\\\">\n<figure class=\\\"wp-block-image size-large\\\"><img src=\\\"https:\/\/unaaldeallamadawandie.files.wordpress.com\/2020\/03\/bandera-5-cervantes-2.jpg?w=750\\\" alt=\\\"\\\" class=\\\"wp-image-77\\\" \/><figcaption class=\\\"wp-element-caption\\\">Bandera del proyecto<\/figcaption><\/figure>\n<\/div>\n\n\n\n<div class=\"\\&quot;wp-block-column is-layout-flow wp-block-column-is-layout-flow\" is-vertically-aligned-center\\\" style=\\\"flex-basis:33%\\\">\n<h4 class=\"\\&quot;wp-block-heading\\&quot; wp-block-heading\" id=\\\"sobre-nosotros\\\">Sobre nosotros<\/h4>\n\n\n\n<h2 class=\"\\&quot;wp-block-heading\\&quot; wp-block-heading\" id=\\\"quienes-somos\\\">\u00bfQui\u00e9nes somos?<\/h2>\n\n\n\n<p class=\\\"has-text-align-left\\\">Somos un grupo de personas, en su mayor\u00eda maestros, que se unieron para crear un proyecto educativo y solidario. Escuelas de pa\u00edses como Espa\u00f1a, Senegal, M\u00e9xico o Estados Unidos nos unimos para lograr que nuestros alumnos tengan una educaci\u00f3n basada en valores, como la solidaridad, la cooperaci\u00f3n, la igualdad&#8230;<\/p>\n<\/div>\n<\/div>\n<\/div>\n\n\n\n<div class=\\\"wp-block-cover alignfull is-light is-style-default\\\"><span aria-hidden=\\\"true\\\" class=\\\"wp-block-cover__background has-background-dim\\\"><\/span><img class=\\\"wp-block-cover__image-background wp-image-47\\\" alt=\\\"\\\" src=\\\"https:\/\/unaaldeallamadawandie.files.wordpress.com\/2020\/03\/img_2100-1.jpg\\\" style=\\\"object-position:54% 83%\\\" data-object-fit=\\\"cover\\\" data-object-position=\\\"54% 83%\\\" \/><div class=\"\\&quot;wp-block-cover__inner-container\\&quot; is-layout-flow wp-block-cover-is-layout-flow\">\n<h2 class=\"\\&quot;wp-block-heading wp-block-heading\" has-text-align-center has-text-color\\\" id=\\\"como-puedes-ayudar\\\" style=\\\"color:#ff00e6\\\">\u00bfC\u00f3mo puedes ayudar?<\/h2>\n\n\n\n<div class=\"\\&quot;wp-block-group\\&quot; is-layout-flow wp-block-group-is-layout-flow\">\n<div class=\"\\&quot;wp-block-columns\\&quot; is-layout-flex wp-container-core-columns-is-layout-28f84493 wp-block-columns-is-layout-flex\">\n<div class=\"\\&quot;wp-block-column\\&quot; is-layout-flow wp-block-column-is-layout-flow\">\n<div class=\"\\&quot;wp-block-group\\&quot; is-layout-flow wp-block-group-is-layout-flow\">\n<div class=\"\\&quot;wp-block-group\\&quot; is-layout-flow wp-block-group-is-layout-flow\">\n<p class=\\\"has-text-align-center has-text-color has-huge-font-size\\\" style=\\\"color:#a3006f\\\">Env\u00eda un donativo<\/p>\n\n\n\n<p class=\\\"has-text-align-center has-background-color has-text-color\\\">A trav\u00e9s de las donaciones que recibimos podemos desarrollar los diferentes proyectos educativos y solidarios. A continuaci\u00f3n te dejamos el n\u00famero de cuenta \u00a1y no dudes en contactar con nosotros si tienes alguna duda!<\/p>\n<\/div>\n<\/div>\n\n\n\n<p class=\\\"has-text-align-center has-large-font-size\\\"><mark style=\\\"background-color:rgba(0,0,0,0)\\\" class=\\\"has-inline-color has-background-color\\\">N\u00daMERO DE CUENTA: <\/mark><\/p>\n\n\n\n<p class=\\\"has-text-align-center has-large-font-size\\\"><mark style=\\\"background-color:rgba(0,0,0,0)\\\" class=\\\"has-inline-color has-background-color\\\">ES16 0073 0100 5705 0614 3599<\/mark><\/p>\n<\/div>\n\n\n\n<div class=\"\\&quot;wp-block-column\\&quot; is-layout-flow wp-block-column-is-layout-flow\">\n<p class=\\\"has-text-align-center has-text-color has-huge-font-size\\\" style=\\\"color:#a3006f\\\">\u00danete como voluntario<\/p>\n\n\n\n<p class=\\\"has-text-align-center has-background-color has-text-color\\\">Nuestro proyecto se basa en la cooperaci\u00f3n entre escuelas de diferentes partes del mundo, tomando objetivos concretos para cada grupo. Si quieres unirte como voluntario al proyecto, ponte en contacto con nosotros para poder hacer un poco m\u00e1s enriquecedor nuestro grupo.  <\/p>\n<\/div>\n\n\n\n<div class=\"\\&quot;wp-block-column\\&quot; is-layout-flow wp-block-column-is-layout-flow\">\n<div class=\"\\&quot;wp-block-group\\&quot; is-layout-flow wp-block-group-is-layout-flow\">\n<p class=\\\"has-text-align-center has-text-color has-huge-font-size\\\" style=\\\"color:#a3006f\\\">Hazte socio<\/p>\n\n\n\n<p class=\\\"has-text-align-center has-background-color has-text-color\\\">Si quieres formar parte de nuestro equipo haci\u00e9ndote socio, rellena el siguiente formulario directamente y env\u00edanoslo al correo: aldeawandie@gmail.com.<\/p>\n<\/div>\n\n\n\n<div class=\"\\&quot;wp-block-group\\&quot; is-layout-flow wp-block-group-is-layout-flow\">\n<div class=\\\"wp-block-file\\\"><a id=\\\"wp-block-file--media-3a5b8a86-7070-4147-8272-5db67c6e4ffd\\\" href=\\\"https:\/\/unaaldeallamadawandie.files.wordpress.com\/2023\/03\/formulario-inscripcion-1.pdf\\\" target=\\\"_blank\\\" rel=\\\"noreferrer noopener\\\">formulario-inscripcion-1<\/a><a href=\\\"https:\/\/unaaldeallamadawandie.files.wordpress.com\/2023\/03\/formulario-inscripcion-1.pdf\\\" class=\\\"wp-block-file__button wp-element-button\\\" download aria-describedby=\\\"wp-block-file--media-3a5b8a86-7070-4147-8272-5db67c6e4ffd\\\">Descarga<\/a><\/div>\n<\/div>\n<\/div>\n<\/div>\n<\/div>\n\n\n\n<div class=\"\\&quot;wp-block-columns\\&quot; is-layout-flex wp-container-core-columns-is-layout-28f84493 wp-block-columns-is-layout-flex\">\n<div class=\"\\&quot;wp-block-column\\&quot; is-layout-flow wp-block-column-is-layout-flow\"><\/div>\n<\/div>\n\n\n\n<div class=\"\\&quot;wp-block-buttons\\&quot; is-layout-flex wp-block-buttons-is-layout-flex\">\n<div class=\\\"wp-block-button is-style-fill\\\"><a class=\\\"wp-block-button__link has-background wp-element-button\\\" href=\\\"https:\/\/unaaldeallamadawandie.wordpress.com\/blog__trashed\/contact\/\\\" title=\\\"https:\/\/forms.gle\/UrLJ8GeNCuTk5JM46\\\" style=\\\"background-color:#a30093\\\" target=\\\"_blank\\\" rel=\\\"noreferrer noopener\\\">Cont\u00e1ctanos<\/a><\/div>\n<\/div>\n<\/div><\/div>\n\n\n\n<div class=\\\"wp-block-media-text alignfull is-stacked-on-mobile is-vertically-aligned-center has-background has-foreground-background-color\\\" style=\\\"grid-template-columns:58% auto\\\"><figure class=\\\"wp-block-media-text__media\\\"><img src=\\\"https:\/\/unaaldeallamadawandie.files.wordpress.com\/2020\/03\/img_1928.jpg?w=1024\\\" alt=\\\"\\\" class=\\\"wp-image-215 size-full\\\" \/><\/figure><div class=\\\"wp-block-media-text__content\\\">\n<h2 class=\"\\&quot;wp-block-heading\\&quot; wp-block-heading\" id=\\\"mientras-tanto-en-las-redes\\\">Mientras tanto en las redes&#8230;<\/h2>\n\n\n\n<ul class=\"\\&quot;wp-block-social-links\\&quot; is-layout-flex wp-block-social-links-is-layout-flex\">\n\n\n\n\n\n\n\n\n\n\n\n<\/ul>\n\n\n\n<p><\/p>\n<\/div><\/div>\n\n\n\n<div class=\"\\&quot;wp-block-group is-layout-flow wp-block-group-is-layout-flow\" alignwide\\\">\n<div class=\"\\&quot;wp-block-columns is-layout-flex wp-container-core-columns-is-layout-28f84493 wp-block-columns-is-layout-flex\" alignwide are-vertically-aligned-center\\\">\n<div class=\"\\&quot;wp-block-column is-layout-flow wp-block-column-is-layout-flow\" is-vertically-aligned-center\\\" style=\\\"flex-basis:33%\\\">\n<h2 class=\"\\&quot;wp-block-heading\\&quot; wp-block-heading\" id=\\\"acciones-y-proyectos\\\">Acciones y proyectos<\/h2>\n\n\n\n<p>En la p\u00e1gina web colgamos las acciones que hemos realizado como asociaci\u00f3n desde sus comienzos, en el 2017. Haz click en cualquier entrada para seguir conoci\u00e9ndonos. <\/p>\n<\/div>\n\n\n\n<div class=\"\\&quot;wp-block-column is-layout-flow wp-block-column-is-layout-flow\" is-vertically-aligned-center\\\" style=\\\"flex-basis:31.4%\\\">\n<figure class=\\\"wp-block-image alignfull size-full\\\"><img src=\\\"https:\/\/unaaldeallamadawandie.files.wordpress.com\/2020\/03\/img_3821.jpg\\\" alt=\\\"\\\" class=\\\"wp-image-208\\\" \/><figcaption class=\\\"wp-element-caption\\\">Escuela de Passy<\/figcaption><\/figure>\n<\/div>\n<\/div>\n\n\n<\/div>\n\n\n\n<p><\/p>\n","protected":false},"excerpt":{"rendered":"<p>Sobre nosotros \u00bfQui\u00e9nes somos? Somos un grupo de personas, en su mayor\u00eda maestros, que se unieron para crear un proyecto educativo y solidario. Escuelas de pa\u00edses como Espa\u00f1a, Senegal, M\u00e9xico o Estados Unidos nos unimos para lograr que nuestros alumnos tengan una educaci\u00f3n basada en valores, como la solidaridad, la cooperaci\u00f3n, la igualdad&#8230; Acciones y &hellip;<\/p>\n<p class=\"read-more\"> <a class=\"\" href=\"https:\/\/aldeawandie.org\/index.php\/una-aldea-llamada-wandie\/\"> <span class=\"screen-reader-text\">Una aldea llamada Wandi\u00e9<\/span> Leer m\u00e1s &raquo;<\/a><\/p>\n","protected":false},"author":1,"featured_media":36,"parent":0,"menu_order":0,"comment_status":"closed","ping_status":"closed","template":"","meta":{"_uag_custom_page_level_css":"","site-sidebar-layout":"default","site-content-layout":"","ast-site-content-layout":"","site-content-style":"default","site-sidebar-style":"default","ast-global-header-display":"","ast-banner-title-visibility":"","ast-main-header-display":"","ast-hfb-above-header-display":"","ast-hfb-below-header-display":"","ast-hfb-mobile-header-display":"","site-post-title":"","ast-breadcrumbs-content":"","ast-featured-img":"","footer-sml-layout":"","theme-transparent-header-meta":"","adv-header-id-meta":"","stick-header-meta":"","header-above-stick-meta":"","header-main-stick-meta":"","header-below-stick-meta":"","astra-migrate-meta-layouts":"","footnotes":""},"class_list":["post-126","page","type-page","status-publish","has-post-thumbnail","hentry"],"uagb_featured_image_src":{"full":["https:\/\/aldeawandie.org\/wp-content\/uploads\/2021\/05\/gallery-02-free-img.jpg.jpg",961,540,false],"thumbnail":["https:\/\/aldeawandie.org\/wp-content\/uploads\/2021\/05\/gallery-02-free-img.jpg-150x150.jpg",150,150,true],"medium":["https:\/\/aldeawandie.org\/wp-content\/uploads\/2021\/05\/gallery-02-free-img.jpg-300x169.jpg",300,169,true],"medium_large":["https:\/\/aldeawandie.org\/wp-content\/uploads\/2021\/05\/gallery-02-free-img.jpg-768x432.jpg",768,432,true],"large":["https:\/\/aldeawandie.org\/wp-content\/uploads\/2021\/05\/gallery-02-free-img.jpg.jpg",961,540,false],"1536x1536":["https:\/\/aldeawandie.org\/wp-content\/uploads\/2021\/05\/gallery-02-free-img.jpg.jpg",961,540,false],"2048x2048":["https:\/\/aldeawandie.org\/wp-content\/uploads\/2021\/05\/gallery-02-free-img.jpg.jpg",961,540,false]},"uagb_author_info":{"display_name":"aldeawandie.org","author_link":"https:\/\/aldeawandie.org\/index.php\/author\/aldeawandie-org\/"},"uagb_comment_info":0,"uagb_excerpt":"Sobre nosotros \u00bfQui\u00e9nes somos? Somos un grupo de personas, en su mayor\u00eda maestros, que se unieron para crear un proyecto educativo y solidario. Escuelas de pa\u00edses como Espa\u00f1a, Senegal, M\u00e9xico o Estados Unidos nos unimos para lograr que nuestros alumnos tengan una educaci\u00f3n basada en valores, como la solidaridad, la cooperaci\u00f3n, la igualdad&#8230; Acciones y&hellip;","_links":{"self":[{"href":"https:\/\/aldeawandie.org\/index.php\/wp-json\/wp\/v2\/pages\/126","targetHints":{"allow":["GET"]}}],"collection":[{"href":"https:\/\/aldeawandie.org\/index.php\/wp-json\/wp\/v2\/pages"}],"about":[{"href":"https:\/\/aldeawandie.org\/index.php\/wp-json\/wp\/v2\/types\/page"}],"author":[{"embeddable":true,"href":"https:\/\/aldeawandie.org\/index.php\/wp-json\/wp\/v2\/users\/1"}],"replies":[{"embeddable":true,"href":"https:\/\/aldeawandie.org\/index.php\/wp-json\/wp\/v2\/comments?post=126"}],"version-history":[{"count":0,"href":"https:\/\/aldeawandie.org\/index.php\/wp-json\/wp\/v2\/pages\/126\/revisions"}],"wp:featuredmedia":[{"embeddable":true,"href":"https:\/\/aldeawandie.org\/index.php\/wp-json\/wp\/v2\/media\/36"}],"wp:attachment":[{"href":"https:\/\/aldeawandie.org\/index.php\/wp-json\/wp\/v2\/media?parent=126"}],"curies":[{"name":"wp","href":"https:\/\/api.w.org\/{rel}","templated":true}]}}