{"id":7,"date":"2020-03-20T10:06:26","date_gmt":"2020-03-20T10:06:26","guid":{"rendered":"https:\/\/aldeawandie.org\/index.php\/blog-2\/"},"modified":"2020-03-20T10:06:26","modified_gmt":"2020-03-20T10:06:26","slug":"blog-2","status":"publish","type":"page","link":"https:\/\/aldeawandie.org\/index.php\/blog-2\/","title":{"rendered":"Blog"},"content":{"rendered":"\n<div style=\\\"height:64px;\\\" aria-hidden=\\\"true\\\" class=\\\"wp-block-spacer desktop-only\\\"><\/div>\n\n\n\n<p class=\\\"has-text-align-center\\\">A continuaci\u00f3n encontrar\u00e9is todas las publicaciones que hacemos en nuestro blog para exponer los detalles de nuestra asociaci\u00f3n. Haz click en el que interese y conocer\u00e1s m\u00e1s acerca de nuestro trabajo. Por supuesto, en cualquier momento puedes ponerte en contacto con nosotros para saber m\u00e1s. \u00a1Te esperamos!<\/p>\n\n\n\n\n\n<hr class=\\\"wp-block-separator is-style-wide\\\" \/>\n\n\n\n<h3 class=\"\\&quot;has-text-align-left\\&quot; wp-block-heading\">Sigue mi blog<\/h3>\n\n\n\n<p class=\\\"has-text-align-left\\\">Recibe nuevo contenido directamente en tu bandeja de entrada.<\/p>\n\n\n\n<div class=\\\"wp-block-jetpack-subscriptions\\\">[jetpack_subscription_form show_only_email_and_button=\\\u00bbtrue\\\u00bb custom_background_button_color=\\\u00bbundefined\\\u00bb custom_text_button_color=\\\u00bbundefined\\\u00bb submit_button_text=\\\u00bbSuscribir\\\u00bb submit_button_classes=\\\u00bbundefined\\\u00bb show_subscribers_total=\\\u00bbfalse\\\u00bb ]<\/div>\n","protected":false},"excerpt":{"rendered":"<p>A continuaci\u00f3n encontrar\u00e9is todas las publicaciones que hacemos en nuestro blog para exponer los detalles de nuestra asociaci\u00f3n. Haz click en el que interese y conocer\u00e1s m\u00e1s acerca de nuestro trabajo. Por supuesto, en cualquier momento puedes ponerte en contacto con nosotros para saber m\u00e1s. \u00a1Te esperamos! Sigue mi blog Recibe nuevo contenido directamente en &hellip;<\/p>\n<p class=\"read-more\"> <a class=\"\" href=\"https:\/\/aldeawandie.org\/index.php\/blog-2\/\"> <span class=\"screen-reader-text\">Blog<\/span> Leer m\u00e1s &raquo;<\/a><\/p>\n","protected":false},"author":1,"featured_media":0,"parent":0,"menu_order":0,"comment_status":"open","ping_status":"closed","template":"","meta":{"_uag_custom_page_level_css":"","site-sidebar-layout":"default","site-content-layout":"","ast-site-content-layout":"","site-content-style":"default","site-sidebar-style":"default","ast-global-header-display":"","ast-banner-title-visibility":"","ast-main-header-display":"","ast-hfb-above-header-display":"","ast-hfb-below-header-display":"","ast-hfb-mobile-header-display":"","site-post-title":"","ast-breadcrumbs-content":"","ast-featured-img":"","footer-sml-layout":"","theme-transparent-header-meta":"","adv-header-id-meta":"","stick-header-meta":"","header-above-stick-meta":"","header-main-stick-meta":"","header-below-stick-meta":"","astra-migrate-meta-layouts":"","footnotes":""},"class_list":["post-7","page","type-page","status-publish","hentry"],"uagb_featured_image_src":{"full":false,"thumbnail":false,"medium":false,"medium_large":false,"large":false,"1536x1536":false,"2048x2048":false},"uagb_author_info":{"display_name":"aldeawandie.org","author_link":"https:\/\/aldeawandie.org\/index.php\/author\/aldeawandie-org\/"},"uagb_comment_info":0,"uagb_excerpt":"A continuaci\u00f3n encontrar\u00e9is todas las publicaciones que hacemos en nuestro blog para exponer los detalles de nuestra asociaci\u00f3n. Haz click en el que interese y conocer\u00e1s m\u00e1s acerca de nuestro trabajo. Por supuesto, en cualquier momento puedes ponerte en contacto con nosotros para saber m\u00e1s. \u00a1Te esperamos! Sigue mi blog Recibe nuevo contenido directamente en&hellip;","_links":{"self":[{"href":"https:\/\/aldeawandie.org\/index.php\/wp-json\/wp\/v2\/pages\/7","targetHints":{"allow":["GET"]}}],"collection":[{"href":"https:\/\/aldeawandie.org\/index.php\/wp-json\/wp\/v2\/pages"}],"about":[{"href":"https:\/\/aldeawandie.org\/index.php\/wp-json\/wp\/v2\/types\/page"}],"author":[{"embeddable":true,"href":"https:\/\/aldeawandie.org\/index.php\/wp-json\/wp\/v2\/users\/1"}],"replies":[{"embeddable":true,"href":"https:\/\/aldeawandie.org\/index.php\/wp-json\/wp\/v2\/comments?post=7"}],"version-history":[{"count":0,"href":"https:\/\/aldeawandie.org\/index.php\/wp-json\/wp\/v2\/pages\/7\/revisions"}],"wp:attachment":[{"href":"https:\/\/aldeawandie.org\/index.php\/wp-json\/wp\/v2\/media?parent=7"}],"curies":[{"name":"wp","href":"https:\/\/api.w.org\/{rel}","templated":true}]}}